{"id":22073,"date":"2023-01-26T09:54:10","date_gmt":"2023-01-26T09:54:10","guid":{"rendered":"https:\/\/basquetgirona.com\/politica-de-privacidad\/"},"modified":"2024-04-02T12:45:41","modified_gmt":"2024-04-02T12:45:41","slug":"politica-de-privacidad","status":"publish","type":"page","link":"https:\/\/basquetgirona.com\/es\/politica-de-privacidad\/","title":{"rendered":"Pol\u00edtica de Privacidad"},"content":{"rendered":"\n<p>El dominio: <a href=\"https:\/\/basquetgirona.com\/es\/\">https:\/\/www.basquetgirona.com<\/a> es propiedad de CLUB B\u00c0SQUET GIRONA 2014, con el NIF G66294505, inscrita en el Registro de Entidades Deportivas. El domicilio es Avenida del Presidente Josep Tarradellas y Joan, 22, 24, 17007 Girona. Tambi\u00e9n puede ponerse en contacto con nosotros en el e-mail: <a href=\"mailto:basquetgirona@basquetgirona.com\">basquetgirona@basquetgirona.com<\/a><\/p>\n\n\n\n<h2 class=\"wp-block-heading\">PROPIEDAD INTELECTUAL E INDUSTRIAL:<\/h2>\n\n\n\n<p>La totalidad del contenido de este sitio web est\u00e1 protegido por derechos de propiedad industrial e intelectual que el usuario de este sitio web debe respetar. Queda prohibida la reproducci\u00f3n, excepto para uso privado, la comunicaci\u00f3n o distribuci\u00f3n de los materiales incluidos en este sitio web sin autorizaci\u00f3n expresa de CLUB B\u00c0SQUET GIRONA 2014.<\/p>\n\n\n\n<h2 class=\"wp-block-heading\">RESPONSABILIDAD EN LOS ENLACES:<\/h2>\n\n\n\n<p>CLUB B\u00c0SQUET GIRONA 2014 incluye en su sitio web una serie de enlaces a p\u00e1ginas de sus clientes y proveedores, \u00fanicamente con la intenci\u00f3n de hacer publicidad de los trabajos efectuados por encargo de \u00e9stos. CLUB B\u00c0SQUET GIRONA 2014 no se hace responsable de las informaciones comerciales contenidas en estos sitios o de cualquiera de los servicios o pr\u00e1cticas que se vinculen o relacionen con las p\u00e1ginas web enlazadas.<\/p>\n\n\n\n<h2 class=\"wp-block-heading\">PROTECCI\u00d3N DE DATOS:<\/h2>\n\n\n\n<p>De conformidad con lo dispuesto en la Ley Org\u00e1nica 15\/1999, de 13 de diciembre, de Protecci\u00f3n de Datos de Car\u00e1cter Personal (LOPD), le informamos que sus datos personales son incorporados en ficheros titularidad de CLUB B\u00c0SQUET GIRONA 2014 con el fin poder atender adecuadamente sus peticiones de informaci\u00f3n y elaborar los presupuestos que puedan solicitarnos. Para ejercer los derechos de acceso, rectificaci\u00f3n, cancelaci\u00f3n y oposici\u00f3n que contempla la Ley puede dirigirse mediante carta a Calle de Joan Regl\u00e0, 8 17003 Girona, Ref. Protecci\u00f3n de datos.<\/p>\n","protected":false},"excerpt":{"rendered":"<p>El dominio: https:\/\/www.basquetgirona.com es propiedad de CLUB B\u00c0SQUET GIRONA 2014, con el NIF G66294505, inscrita en el Registro de Entidades Deportivas. El domicilio es Avenida del Presidente Josep Tarradellas y Joan, 22, 24, 17007 Girona. Tambi\u00e9n puede ponerse en contacto con nosotros en el e-mail: basquetgirona@basquetgirona.com PROPIEDAD INTELECTUAL E INDUSTRIAL: La totalidad del contenido de [&hellip;]<\/p>\n","protected":false},"author":1,"featured_media":0,"parent":0,"menu_order":37,"comment_status":"closed","ping_status":"closed","template":"page-templates\/textos-legals.php","meta":{"_acf_changed":false,"inline_featured_image":false,"footnotes":""},"class_list":["post-22073","page","type-page","status-publish","hentry"],"yoast_head":"<!-- This site is optimized with the Yoast SEO plugin v22.0 - https:\/\/yoast.com\/wordpress\/plugins\/seo\/ -->\n<title>Pol\u00edtica de Privacidad - Basquet Girona<\/title>\n<meta name=\"robots\" content=\"index, follow, max-snippet:-1, max-image-preview:large, max-video-preview:-1\" \/>\n<link rel=\"canonical\" href=\"https:\/\/basquetgirona.com\/es\/politica-de-privacidad\/\" \/>\n<meta property=\"og:locale\" content=\"es_ES\" \/>\n<meta property=\"og:type\" content=\"article\" \/>\n<meta property=\"og:title\" content=\"Pol\u00edtica de Privacidad - Basquet Girona\" \/>\n<meta property=\"og:description\" content=\"El dominio: https:\/\/www.basquetgirona.com es propiedad de CLUB B\u00c0SQUET GIRONA 2014, con el NIF G66294505, inscrita en el Registro de Entidades Deportivas. El domicilio es Avenida del Presidente Josep Tarradellas y Joan, 22, 24, 17007 Girona. Tambi\u00e9n puede ponerse en contacto con nosotros en el e-mail: basquetgirona@basquetgirona.com PROPIEDAD INTELECTUAL E INDUSTRIAL: La totalidad del contenido de [&hellip;]\" \/>\n<meta property=\"og:url\" content=\"https:\/\/basquetgirona.com\/es\/politica-de-privacidad\/\" \/>\n<meta property=\"og:site_name\" content=\"Basquet Girona\" \/>\n<meta property=\"article:publisher\" content=\"https:\/\/www.facebook.com\/BasquetGironaOficial\" \/>\n<meta property=\"article:modified_time\" content=\"2024-04-02T12:45:41+00:00\" \/>\n<meta name=\"twitter:card\" content=\"summary_large_image\" \/>\n<meta name=\"twitter:site\" content=\"@BasquetGirona\" \/>\n<meta name=\"twitter:label1\" content=\"Tiempo de lectura\" \/>\n\t<meta name=\"twitter:data1\" content=\"2 minutos\" \/>\n<!-- \/ Yoast SEO plugin. -->","yoast_head_json":{"title":"Pol\u00edtica de Privacidad - Basquet Girona","robots":{"index":"index","follow":"follow","max-snippet":"max-snippet:-1","max-image-preview":"max-image-preview:large","max-video-preview":"max-video-preview:-1"},"canonical":"https:\/\/basquetgirona.com\/es\/politica-de-privacidad\/","og_locale":"es_ES","og_type":"article","og_title":"Pol\u00edtica de Privacidad - Basquet Girona","og_description":"El dominio: https:\/\/www.basquetgirona.com es propiedad de CLUB B\u00c0SQUET GIRONA 2014, con el NIF G66294505, inscrita en el Registro de Entidades Deportivas. El domicilio es Avenida del Presidente Josep Tarradellas y Joan, 22, 24, 17007 Girona. Tambi\u00e9n puede ponerse en contacto con nosotros en el e-mail: basquetgirona@basquetgirona.com PROPIEDAD INTELECTUAL E INDUSTRIAL: La totalidad del contenido de [&hellip;]","og_url":"https:\/\/basquetgirona.com\/es\/politica-de-privacidad\/","og_site_name":"Basquet Girona","article_publisher":"https:\/\/www.facebook.com\/BasquetGironaOficial","article_modified_time":"2024-04-02T12:45:41+00:00","twitter_card":"summary_large_image","twitter_site":"@BasquetGirona","twitter_misc":{"Tiempo de lectura":"2 minutos"},"schema":{"@context":"https:\/\/schema.org","@graph":[{"@type":"WebPage","@id":"https:\/\/basquetgirona.com\/es\/politica-de-privacidad\/","url":"https:\/\/basquetgirona.com\/es\/politica-de-privacidad\/","name":"Pol\u00edtica de Privacidad - Basquet Girona","isPartOf":{"@id":"https:\/\/basquetgirona.com\/es\/#website"},"datePublished":"2023-01-26T09:54:10+00:00","dateModified":"2024-04-02T12:45:41+00:00","breadcrumb":{"@id":"https:\/\/basquetgirona.com\/es\/politica-de-privacidad\/#breadcrumb"},"inLanguage":"es","potentialAction":[{"@type":"ReadAction","target":["https:\/\/basquetgirona.com\/es\/politica-de-privacidad\/"]}]},{"@type":"BreadcrumbList","@id":"https:\/\/basquetgirona.com\/es\/politica-de-privacidad\/#breadcrumb","itemListElement":[{"@type":"ListItem","position":1,"name":"Inici","item":"https:\/\/basquetgirona.com\/es\/"},{"@type":"ListItem","position":2,"name":"Pol\u00edtica de Privacidad"}]},{"@type":"WebSite","@id":"https:\/\/basquetgirona.com\/es\/#website","url":"https:\/\/basquetgirona.com\/es\/","name":"Basquet Girona","description":"","publisher":{"@id":"https:\/\/basquetgirona.com\/es\/#organization"},"potentialAction":[{"@type":"SearchAction","target":{"@type":"EntryPoint","urlTemplate":"https:\/\/basquetgirona.com\/es\/?s={search_term_string}"},"query-input":"required name=search_term_string"}],"inLanguage":"es"},{"@type":"Organization","@id":"https:\/\/basquetgirona.com\/es\/#organization","name":"Basquet Girona","url":"https:\/\/basquetgirona.com\/es\/","logo":{"@type":"ImageObject","inLanguage":"es","@id":"https:\/\/basquetgirona.com\/es\/#\/schema\/logo\/image\/","url":"https:\/\/basquetgirona.com\/wp-content\/uploads\/2023\/02\/girona-logo1.png","contentUrl":"https:\/\/basquetgirona.com\/wp-content\/uploads\/2023\/02\/girona-logo1.png","width":124,"height":136,"caption":"Basquet Girona"},"image":{"@id":"https:\/\/basquetgirona.com\/es\/#\/schema\/logo\/image\/"},"sameAs":["https:\/\/www.facebook.com\/BasquetGironaOficial","https:\/\/twitter.com\/BasquetGirona","https:\/\/www.instagram.com\/basquetgirona\/","https:\/\/es.linkedin.com\/company\/bsquet-girona","https:\/\/www.tiktok.com\/@basquetgirona"]}]}},"acf":[],"_links":{"self":[{"href":"https:\/\/basquetgirona.com\/es\/wp-json\/wp\/v2\/pages\/22073","targetHints":{"allow":["GET"]}}],"collection":[{"href":"https:\/\/basquetgirona.com\/es\/wp-json\/wp\/v2\/pages"}],"about":[{"href":"https:\/\/basquetgirona.com\/es\/wp-json\/wp\/v2\/types\/page"}],"author":[{"embeddable":true,"href":"https:\/\/basquetgirona.com\/es\/wp-json\/wp\/v2\/users\/1"}],"replies":[{"embeddable":true,"href":"https:\/\/basquetgirona.com\/es\/wp-json\/wp\/v2\/comments?post=22073"}],"version-history":[{"count":2,"href":"https:\/\/basquetgirona.com\/es\/wp-json\/wp\/v2\/pages\/22073\/revisions"}],"predecessor-version":[{"id":28506,"href":"https:\/\/basquetgirona.com\/es\/wp-json\/wp\/v2\/pages\/22073\/revisions\/28506"}],"wp:attachment":[{"href":"https:\/\/basquetgirona.com\/es\/wp-json\/wp\/v2\/media?parent=22073"}],"curies":[{"name":"wp","href":"https:\/\/api.w.org\/{rel}","templated":true}]}}