{"id":22087,"date":"2023-01-26T18:22:58","date_gmt":"2023-01-26T18:22:58","guid":{"rendered":"https:\/\/basquetgirona.com\/politica-de-cookies\/"},"modified":"2024-04-02T12:13:21","modified_gmt":"2024-04-02T12:13:21","slug":"politica-de-cookies","status":"publish","type":"page","link":"https:\/\/basquetgirona.com\/es\/politica-de-cookies\/","title":{"rendered":"Pol\u00edtica de Cookies"},"content":{"rendered":"\n<h2 class=\"wp-block-heading\">Definici\u00f3n y funci\u00f3n de las Cookies<\/h2>\n\n\n\n<p>Una cookie es un archivo que se descarga en su ordenador al acceder a determinados sitios web. Las cookies permiten, entre otras cosas, registrar la actividad del usuario de forma an\u00f3nima en la p\u00e1gina web, as\u00ed se pueden recordar determinados par\u00e1metros e informaci\u00f3n con el objetivo de analizar los datos del usuario, tener una mayor personalizaci\u00f3n del sitio web o bien poder configurar preferencias.<\/p>\n\n\n\n<h2 class=\"wp-block-heading\">\u00bfQU\u00c9 TIPO DE COOKIES UTILIZA ESTA P\u00c1GINA WEB?<\/h2>\n\n\n\n<p>Las cookies propias de terceros prestamistas de servicios son las siguientes:<br>(Las cookies de terceros son aquellas que se env\u00edan al equipo terminal del usuario desde un equipo o dominio que no es gestionado por el editor, sino por otra entidad que trabaja los datos obtenidos a trav\u00e9s de las cookies)<\/p>\n\n\n\n<h2 class=\"wp-block-heading\">GOOGLE MAPS<\/h2>\n\n\n\n<p>Dos cookies (PREF y NID) persistentes establecidas por aplicaciones de Google Maps y gestionadas por Google.<br>Para m\u00e1s detalles se puede consultar en el siguiente enlace la pol\u00edtica de privacidad de Google [ <a href=\"http:\/\/www.google.com\/intl\/es\/policies\/privacy\/\" target=\"_blank\" rel=\"noreferrer noopener\">http:\/\/www.google.com\/intl\/es\/policies\/privacy\/<\/a> ]<\/p>\n\n\n\n<h2 class=\"wp-block-heading\">GOOGLE ANALYTICS<\/h2>\n\n\n\n<p>Para realizar las estad\u00edsticas de uso del sitio web se utilizan las cookies de Google Analytics. El objetivo es conocer el nivel de recurrencia de los visitantes y los contenidos que resultan m\u00e1s interesantes, as\u00ed se pueden concentrar los esfuerzos en mejorar las \u00e1reas m\u00e1s visitadas y hacer que el usuario encuentre m\u00e1s f\u00e1cilmente lo que busca.<\/p>\n\n\n\n<p>El sitio web puede utilizar informaci\u00f3n de la visita del usuario para realizar evaluaciones y c\u00e1lculos estad\u00edsticos sobre datos an\u00f3nimos, as\u00ed como garantizar la continuidad del servicio o realizar mejoras en sus sitios web.<br>Para m\u00e1s detalles se puede consultar en el siguiente enlace la pol\u00edtica de privacidad de Google [ <a href=\"http:\/\/www.google.com\/intl\/es\/policies\/privacy\/\" target=\"_blank\" rel=\"noreferrer noopener\">http:\/\/www.google.com\/intl\/es\/policies\/privacy\/<\/a> ]<\/p>\n\n\n\n<h2 class=\"wp-block-heading\">REVOCACI\u00d3N Y ELIMINACI\u00d3N DE COOKIES<\/h2>\n\n\n\n<p>Usted puede permitir, bloquear o eliminar las cookies instaladas en su equipo mediante la configuraci\u00f3n de las opciones del navegador. En caso de que no permita la instalaci\u00f3n de cookies, es posible que no pueda acceder a alguna de las secciones de la p\u00e1gina web.<br>En los siguientes enlaces se explica la gesti\u00f3n de las cookies seg\u00fan los distintos navegadores web:<\/p>\n\n\n\n<p>Chrome, desde <a href=\"http:\/\/support.google.com\/chrome\/bin\/answer.py?hl=es&amp;answer=95647\" target=\"_blank\" rel=\"noreferrer noopener\">http:\/\/support.google.com\/chrome\/bin\/answer.py?hl=es&amp;answer=95647<\/a><\/p>\n\n\n\n<p>Explorer, desde <a href=\"http:\/\/windows.microsoft.com\/es-es\/windows7\/how-to-manage-cookies-in-internet-explorer-9\" target=\"_blank\" rel=\"noreferrer noopener\">http:\/\/windows.microsoft.com\/es-es\/windows7\/how-to-manage-cookies-in-internet-explorer-9<\/a><\/p>\n\n\n\n<p>Firefox, desde <a href=\"http:\/\/support.mozilla.org\/es\/kb\/habilitar-y-deshabilitar-cookies-que-los-sitios-we\" target=\"_blank\" rel=\"noreferrer noopener\">http:\/\/support.mozilla.org\/es\/kb\/habilitar-y-deshabilitar-cookies-que-los-sitios-we<\/a><\/p>\n\n\n\n<p>Safari, desde <a href=\"http:\/\/support.apple.com\/kb\/ph5042\" target=\"_blank\" rel=\"noreferrer noopener\">http:\/\/support.apple.com\/kb\/ph5042<\/a><\/p>\n\n\n\n<h2 class=\"wp-block-heading\">M\u00c1S INFORMACI\u00d3N SOBRE LAS COOKIES Y SU POL\u00cdTICA<\/h2>\n\n\n\n<p>Puede ampliar la informaci\u00f3n en los siguientes enlaces:<\/p>\n\n\n\n<p><a href=\"http:\/\/en.wikipedia.org\/wiki\/HTTP_cookie\" target=\"_blank\" rel=\"noreferrer noopener\">http:\/\/en.wikipedia.org\/wiki\/HTTP_cookie<\/a><\/p>\n\n\n\n<p><a href=\"http:\/\/www.agpd.es\/portalwebAGPD\/canaldocumentacion\/publicaciones\/common\/Guias\/Guia_Cookies.pdf\" target=\"_blank\" rel=\"noreferrer noopener\">http:\/\/www.agpd.es\/portalwebAGPD\/canaldocumentacion\/publicaciones\/common\/Guias\/Guia_Cookies.pdf<\/a><\/p>\n","protected":false},"excerpt":{"rendered":"<p>Definici\u00f3n y funci\u00f3n de las Cookies Una cookie es un archivo que se descarga en su ordenador al acceder a determinados sitios web. Las cookies permiten, entre otras cosas, registrar la actividad del usuario de forma an\u00f3nima en la p\u00e1gina web, as\u00ed se pueden recordar determinados par\u00e1metros e informaci\u00f3n con el objetivo de analizar los [&hellip;]<\/p>\n","protected":false},"author":1,"featured_media":0,"parent":0,"menu_order":15,"comment_status":"closed","ping_status":"closed","template":"page-templates\/textos-legals.php","meta":{"_acf_changed":false,"inline_featured_image":false,"footnotes":""},"class_list":["post-22087","page","type-page","status-publish","hentry"],"yoast_head":"<!-- This site is optimized with the Yoast SEO plugin v22.0 - https:\/\/yoast.com\/wordpress\/plugins\/seo\/ -->\n<title>Pol\u00edtica de Cookies - Basquet Girona<\/title>\n<meta name=\"robots\" content=\"index, follow, max-snippet:-1, max-image-preview:large, max-video-preview:-1\" \/>\n<link rel=\"canonical\" href=\"https:\/\/basquetgirona.com\/es\/politica-de-cookies\/\" \/>\n<meta property=\"og:locale\" content=\"es_ES\" \/>\n<meta property=\"og:type\" content=\"article\" \/>\n<meta property=\"og:title\" content=\"Pol\u00edtica de Cookies - Basquet Girona\" \/>\n<meta property=\"og:description\" content=\"Definici\u00f3n y funci\u00f3n de las Cookies Una cookie es un archivo que se descarga en su ordenador al acceder a determinados sitios web. Las cookies permiten, entre otras cosas, registrar la actividad del usuario de forma an\u00f3nima en la p\u00e1gina web, as\u00ed se pueden recordar determinados par\u00e1metros e informaci\u00f3n con el objetivo de analizar los [&hellip;]\" \/>\n<meta property=\"og:url\" content=\"https:\/\/basquetgirona.com\/es\/politica-de-cookies\/\" \/>\n<meta property=\"og:site_name\" content=\"Basquet Girona\" \/>\n<meta property=\"article:publisher\" content=\"https:\/\/www.facebook.com\/BasquetGironaOficial\" \/>\n<meta property=\"article:modified_time\" content=\"2024-04-02T12:13:21+00:00\" \/>\n<meta name=\"twitter:card\" content=\"summary_large_image\" \/>\n<meta name=\"twitter:site\" content=\"@BasquetGirona\" \/>\n<meta name=\"twitter:label1\" content=\"Tiempo de lectura\" \/>\n\t<meta name=\"twitter:data1\" content=\"3 minutos\" \/>\n<!-- \/ Yoast SEO plugin. -->","yoast_head_json":{"title":"Pol\u00edtica de Cookies - Basquet Girona","robots":{"index":"index","follow":"follow","max-snippet":"max-snippet:-1","max-image-preview":"max-image-preview:large","max-video-preview":"max-video-preview:-1"},"canonical":"https:\/\/basquetgirona.com\/es\/politica-de-cookies\/","og_locale":"es_ES","og_type":"article","og_title":"Pol\u00edtica de Cookies - Basquet Girona","og_description":"Definici\u00f3n y funci\u00f3n de las Cookies Una cookie es un archivo que se descarga en su ordenador al acceder a determinados sitios web. Las cookies permiten, entre otras cosas, registrar la actividad del usuario de forma an\u00f3nima en la p\u00e1gina web, as\u00ed se pueden recordar determinados par\u00e1metros e informaci\u00f3n con el objetivo de analizar los [&hellip;]","og_url":"https:\/\/basquetgirona.com\/es\/politica-de-cookies\/","og_site_name":"Basquet Girona","article_publisher":"https:\/\/www.facebook.com\/BasquetGironaOficial","article_modified_time":"2024-04-02T12:13:21+00:00","twitter_card":"summary_large_image","twitter_site":"@BasquetGirona","twitter_misc":{"Tiempo de lectura":"3 minutos"},"schema":{"@context":"https:\/\/schema.org","@graph":[{"@type":"WebPage","@id":"https:\/\/basquetgirona.com\/es\/politica-de-cookies\/","url":"https:\/\/basquetgirona.com\/es\/politica-de-cookies\/","name":"Pol\u00edtica de Cookies - Basquet Girona","isPartOf":{"@id":"https:\/\/basquetgirona.com\/es\/#website"},"datePublished":"2023-01-26T18:22:58+00:00","dateModified":"2024-04-02T12:13:21+00:00","breadcrumb":{"@id":"https:\/\/basquetgirona.com\/es\/politica-de-cookies\/#breadcrumb"},"inLanguage":"es","potentialAction":[{"@type":"ReadAction","target":["https:\/\/basquetgirona.com\/es\/politica-de-cookies\/"]}]},{"@type":"BreadcrumbList","@id":"https:\/\/basquetgirona.com\/es\/politica-de-cookies\/#breadcrumb","itemListElement":[{"@type":"ListItem","position":1,"name":"Inici","item":"https:\/\/basquetgirona.com\/es\/"},{"@type":"ListItem","position":2,"name":"Pol\u00edtica de Cookies"}]},{"@type":"WebSite","@id":"https:\/\/basquetgirona.com\/es\/#website","url":"https:\/\/basquetgirona.com\/es\/","name":"Basquet Girona","description":"","publisher":{"@id":"https:\/\/basquetgirona.com\/es\/#organization"},"potentialAction":[{"@type":"SearchAction","target":{"@type":"EntryPoint","urlTemplate":"https:\/\/basquetgirona.com\/es\/?s={search_term_string}"},"query-input":"required name=search_term_string"}],"inLanguage":"es"},{"@type":"Organization","@id":"https:\/\/basquetgirona.com\/es\/#organization","name":"Basquet Girona","url":"https:\/\/basquetgirona.com\/es\/","logo":{"@type":"ImageObject","inLanguage":"es","@id":"https:\/\/basquetgirona.com\/es\/#\/schema\/logo\/image\/","url":"https:\/\/basquetgirona.com\/wp-content\/uploads\/2023\/02\/girona-logo1.png","contentUrl":"https:\/\/basquetgirona.com\/wp-content\/uploads\/2023\/02\/girona-logo1.png","width":124,"height":136,"caption":"Basquet Girona"},"image":{"@id":"https:\/\/basquetgirona.com\/es\/#\/schema\/logo\/image\/"},"sameAs":["https:\/\/www.facebook.com\/BasquetGironaOficial","https:\/\/twitter.com\/BasquetGirona","https:\/\/www.instagram.com\/basquetgirona\/","https:\/\/es.linkedin.com\/company\/bsquet-girona","https:\/\/www.tiktok.com\/@basquetgirona"]}]}},"acf":[],"_links":{"self":[{"href":"https:\/\/basquetgirona.com\/es\/wp-json\/wp\/v2\/pages\/22087","targetHints":{"allow":["GET"]}}],"collection":[{"href":"https:\/\/basquetgirona.com\/es\/wp-json\/wp\/v2\/pages"}],"about":[{"href":"https:\/\/basquetgirona.com\/es\/wp-json\/wp\/v2\/types\/page"}],"author":[{"embeddable":true,"href":"https:\/\/basquetgirona.com\/es\/wp-json\/wp\/v2\/users\/1"}],"replies":[{"embeddable":true,"href":"https:\/\/basquetgirona.com\/es\/wp-json\/wp\/v2\/comments?post=22087"}],"version-history":[{"count":2,"href":"https:\/\/basquetgirona.com\/es\/wp-json\/wp\/v2\/pages\/22087\/revisions"}],"predecessor-version":[{"id":28494,"href":"https:\/\/basquetgirona.com\/es\/wp-json\/wp\/v2\/pages\/22087\/revisions\/28494"}],"wp:attachment":[{"href":"https:\/\/basquetgirona.com\/es\/wp-json\/wp\/v2\/media?parent=22087"}],"curies":[{"name":"wp","href":"https:\/\/api.w.org\/{rel}","templated":true}]}}