{"id":22148,"date":"2023-11-27T12:14:15","date_gmt":"2023-11-27T12:14:15","guid":{"rendered":"https:\/\/basquetgirona.com\/canal-etico\/"},"modified":"2024-04-02T12:04:45","modified_gmt":"2024-04-02T12:04:45","slug":"canal-etico","status":"publish","type":"page","link":"https:\/\/basquetgirona.com\/es\/canal-etico\/","title":{"rendered":"Canal \u00c9tico"},"content":{"rendered":"\n<p>El presente canal est\u00e1 dedicado exclusivamente para dirigir denuncias por incumplimientos legales de la organizaci\u00f3n o sus personas integrantes, en los t\u00e9rminos y condiciones de la Ley 2\/2023, de 20 de febrero, reguladora de la protecci\u00f3n de las personas que informen sobre infracciones normativas y de lucha contra la corrupci\u00f3n.<\/p>\n\n<p>Si tiene cualquier duda sobre otras cuestiones, puede contactarnos a trav\u00e9s de otros canales disponibles en la p\u00e1gina web.<\/p>\n\n<h2 class=\"wp-block-heading\"><strong>\u00bfQu\u00e9 se consideran incumplimientos normativos?<\/strong><\/h2>\n\n<p>Sin \u00e1nimo excluyente ni limitativo, se consideran:<\/p>\n\n<ul class=\"wp-block-list\">\n<li>Fraudes y estafas<\/li>\n\n\n\n<li>Blanqueo de capitales<\/li>\n\n\n\n<li>Evasi\u00f3n o elusi\u00f3n de impuestos<\/li>\n\n\n\n<li>Delitos contra la propiedad intelectual o industrial<\/li>\n\n\n\n<li>Competencia desleal<\/li>\n\n\n\n<li>Delitos contra el mercado o las personas consumidoras<\/li>\n\n\n\n<li>Corrupci\u00f3n interna<\/li>\n\n\n\n<li>Irregularidades con la Seguridad Social o la Agencia Tributaria<\/li>\n\n\n\n<li>Incumplimiento de la normativa sobre protecci\u00f3n de datos<\/li>\n\n\n\n<li>Revelaci\u00f3n de secretos empresariales<\/li>\n\n\n\n<li>Malversaci\u00f3n<\/li>\n\n\n\n<li>Delitos contra el medio ambiente y la salud p\u00fablica<\/li>\n\n\n\n<li>Vulneraci\u00f3n de derechos de las personas trabajadoras<\/li>\n<\/ul>\n\n<p>Algunas de las situaciones que podr\u00edan denunciarse por esta v\u00eda son:<\/p>\n\n<ul class=\"wp-block-list\">\n<li>posibles conductas y comportamientos considerados ilegales con el desempe\u00f1o del trabajo,<\/li>\n\n\n\n<li>presunta gesti\u00f3n lucrativa de recursos de la empresa,<\/li>\n\n\n\n<li>situaciones de discriminaci\u00f3n o abuso sexual,<\/li>\n\n\n\n<li>pr\u00e1cticas de corrupci\u00f3n, robos, fraudes, etc.<\/li>\n<\/ul>\n\n<h2 class=\"wp-block-heading\"><strong>\u00bfQui\u00e9n puede presentar una comunicaci\u00f3n?<\/strong><\/h2>\n\n<p>Cualquier persona de la empresa y aquellas personas externas que est\u00e9n o hayan estado vinculadas o relacionadas con la misma en un contexto laboral o profesional.<\/p>\n\n<h2 class=\"wp-block-heading\"><strong>\u00bfC\u00f3mo puedo realizar una comunicaci\u00f3n?<\/strong><\/h2>\n\n<p>Se puede cursar de forma verbal, escrita o presencial siguiendo los pasos indicados en el formulario del Canal confidencial de denuncias. Asimismo, la comunicaci\u00f3n puede ser an\u00f3nima.<\/p>\n\n<h2 class=\"wp-block-heading\"><strong>\u00bfC\u00f3mo se tramitar\u00e1 la comunicaci\u00f3n?<\/strong><\/h2>\n\n<p>Se tramitar\u00e1 garantizando la confidencialidad y prohibici\u00f3n de represalias a la persona informante.<\/p>\n\n<h2 class=\"wp-block-heading\"><strong>\u00bfQu\u00e9 principios asisten a la persona informante?<\/strong><\/h2>\n\n<p>El sistema interno de informaci\u00f3n re\u00fane las garant\u00edas de confidencialidad, no represalias, respeto a la independencia, protecci\u00f3n de datos, secreto de las comunicaciones y pr\u00e1cticas correctas de seguimiento, b\u00fasqueda y protecci\u00f3n de la persona informante.<\/p>\n\n<div class=\"wp-block-buttons is-layout-flex wp-block-buttons-is-layout-flex\">\n<div class=\"wp-block-button\"><a class=\"wp-block-button__link wp-element-button\" href=\"https:\/\/canal-etico.lant-abogados.com\/Specific\/MVistaPublica?codiClient=MDA0MTgx&amp;secure=389471.0\" target=\"_blank\" rel=\"noreferrer noopener\">ACCESO AL CANAL \u00c9TICO<\/a><\/div>\n<\/div>\n","protected":false},"excerpt":{"rendered":"<p>El presente canal est\u00e1 dedicado exclusivamente para dirigir denuncias por incumplimientos legales de la organizaci\u00f3n o sus personas integrantes, en los t\u00e9rminos y condiciones de la Ley 2\/2023, de 20 de febrero, reguladora de la protecci\u00f3n de las personas que informen sobre infracciones normativas y de lucha contra la corrupci\u00f3n. Si tiene cualquier duda sobre [&hellip;]<\/p>\n","protected":false},"author":1,"featured_media":0,"parent":0,"menu_order":0,"comment_status":"closed","ping_status":"closed","template":"page-templates\/textos-legals.php","meta":{"_acf_changed":false,"inline_featured_image":false,"footnotes":""},"class_list":["post-22148","page","type-page","status-publish","hentry"],"yoast_head":"<!-- This site is optimized with the Yoast SEO plugin v22.0 - https:\/\/yoast.com\/wordpress\/plugins\/seo\/ -->\n<title>Canal \u00c9tico - Basquet Girona<\/title>\n<meta name=\"robots\" content=\"index, follow, max-snippet:-1, max-image-preview:large, max-video-preview:-1\" \/>\n<link rel=\"canonical\" href=\"https:\/\/basquetgirona.com\/es\/canal-etico\/\" \/>\n<meta property=\"og:locale\" content=\"es_ES\" \/>\n<meta property=\"og:type\" content=\"article\" \/>\n<meta property=\"og:title\" content=\"Canal \u00c9tico - Basquet Girona\" \/>\n<meta property=\"og:description\" content=\"El presente canal est\u00e1 dedicado exclusivamente para dirigir denuncias por incumplimientos legales de la organizaci\u00f3n o sus personas integrantes, en los t\u00e9rminos y condiciones de la Ley 2\/2023, de 20 de febrero, reguladora de la protecci\u00f3n de las personas que informen sobre infracciones normativas y de lucha contra la corrupci\u00f3n. Si tiene cualquier duda sobre [&hellip;]\" \/>\n<meta property=\"og:url\" content=\"https:\/\/basquetgirona.com\/es\/canal-etico\/\" \/>\n<meta property=\"og:site_name\" content=\"Basquet Girona\" \/>\n<meta property=\"article:publisher\" content=\"https:\/\/www.facebook.com\/BasquetGironaOficial\" \/>\n<meta property=\"article:modified_time\" content=\"2024-04-02T12:04:45+00:00\" \/>\n<meta name=\"twitter:card\" content=\"summary_large_image\" \/>\n<meta name=\"twitter:site\" content=\"@BasquetGirona\" \/>\n<meta name=\"twitter:label1\" content=\"Tiempo de lectura\" \/>\n\t<meta name=\"twitter:data1\" content=\"2 minutos\" \/>\n<!-- \/ Yoast SEO plugin. -->","yoast_head_json":{"title":"Canal \u00c9tico - Basquet Girona","robots":{"index":"index","follow":"follow","max-snippet":"max-snippet:-1","max-image-preview":"max-image-preview:large","max-video-preview":"max-video-preview:-1"},"canonical":"https:\/\/basquetgirona.com\/es\/canal-etico\/","og_locale":"es_ES","og_type":"article","og_title":"Canal \u00c9tico - Basquet Girona","og_description":"El presente canal est\u00e1 dedicado exclusivamente para dirigir denuncias por incumplimientos legales de la organizaci\u00f3n o sus personas integrantes, en los t\u00e9rminos y condiciones de la Ley 2\/2023, de 20 de febrero, reguladora de la protecci\u00f3n de las personas que informen sobre infracciones normativas y de lucha contra la corrupci\u00f3n. Si tiene cualquier duda sobre [&hellip;]","og_url":"https:\/\/basquetgirona.com\/es\/canal-etico\/","og_site_name":"Basquet Girona","article_publisher":"https:\/\/www.facebook.com\/BasquetGironaOficial","article_modified_time":"2024-04-02T12:04:45+00:00","twitter_card":"summary_large_image","twitter_site":"@BasquetGirona","twitter_misc":{"Tiempo de lectura":"2 minutos"},"schema":{"@context":"https:\/\/schema.org","@graph":[{"@type":"WebPage","@id":"https:\/\/basquetgirona.com\/es\/canal-etico\/","url":"https:\/\/basquetgirona.com\/es\/canal-etico\/","name":"Canal \u00c9tico - Basquet Girona","isPartOf":{"@id":"https:\/\/basquetgirona.com\/es\/#website"},"datePublished":"2023-11-27T12:14:15+00:00","dateModified":"2024-04-02T12:04:45+00:00","breadcrumb":{"@id":"https:\/\/basquetgirona.com\/es\/canal-etico\/#breadcrumb"},"inLanguage":"es","potentialAction":[{"@type":"ReadAction","target":["https:\/\/basquetgirona.com\/es\/canal-etico\/"]}]},{"@type":"BreadcrumbList","@id":"https:\/\/basquetgirona.com\/es\/canal-etico\/#breadcrumb","itemListElement":[{"@type":"ListItem","position":1,"name":"Inici","item":"https:\/\/basquetgirona.com\/es\/"},{"@type":"ListItem","position":2,"name":"Canal \u00c9tico"}]},{"@type":"WebSite","@id":"https:\/\/basquetgirona.com\/es\/#website","url":"https:\/\/basquetgirona.com\/es\/","name":"Basquet Girona","description":"","publisher":{"@id":"https:\/\/basquetgirona.com\/es\/#organization"},"potentialAction":[{"@type":"SearchAction","target":{"@type":"EntryPoint","urlTemplate":"https:\/\/basquetgirona.com\/es\/?s={search_term_string}"},"query-input":"required name=search_term_string"}],"inLanguage":"es"},{"@type":"Organization","@id":"https:\/\/basquetgirona.com\/es\/#organization","name":"Basquet Girona","url":"https:\/\/basquetgirona.com\/es\/","logo":{"@type":"ImageObject","inLanguage":"es","@id":"https:\/\/basquetgirona.com\/es\/#\/schema\/logo\/image\/","url":"https:\/\/basquetgirona.com\/wp-content\/uploads\/2023\/02\/girona-logo1.png","contentUrl":"https:\/\/basquetgirona.com\/wp-content\/uploads\/2023\/02\/girona-logo1.png","width":124,"height":136,"caption":"Basquet Girona"},"image":{"@id":"https:\/\/basquetgirona.com\/es\/#\/schema\/logo\/image\/"},"sameAs":["https:\/\/www.facebook.com\/BasquetGironaOficial","https:\/\/twitter.com\/BasquetGirona","https:\/\/www.instagram.com\/basquetgirona\/","https:\/\/es.linkedin.com\/company\/bsquet-girona","https:\/\/www.tiktok.com\/@basquetgirona"]}]}},"acf":[],"_links":{"self":[{"href":"https:\/\/basquetgirona.com\/es\/wp-json\/wp\/v2\/pages\/22148","targetHints":{"allow":["GET"]}}],"collection":[{"href":"https:\/\/basquetgirona.com\/es\/wp-json\/wp\/v2\/pages"}],"about":[{"href":"https:\/\/basquetgirona.com\/es\/wp-json\/wp\/v2\/types\/page"}],"author":[{"embeddable":true,"href":"https:\/\/basquetgirona.com\/es\/wp-json\/wp\/v2\/users\/1"}],"replies":[{"embeddable":true,"href":"https:\/\/basquetgirona.com\/es\/wp-json\/wp\/v2\/comments?post=22148"}],"version-history":[{"count":1,"href":"https:\/\/basquetgirona.com\/es\/wp-json\/wp\/v2\/pages\/22148\/revisions"}],"predecessor-version":[{"id":22149,"href":"https:\/\/basquetgirona.com\/es\/wp-json\/wp\/v2\/pages\/22148\/revisions\/22149"}],"wp:attachment":[{"href":"https:\/\/basquetgirona.com\/es\/wp-json\/wp\/v2\/media?parent=22148"}],"curies":[{"name":"wp","href":"https:\/\/api.w.org\/{rel}","templated":true}]}}